{"id":28,"date":"2026-04-04T20:58:25","date_gmt":"2026-04-04T20:58:25","guid":{"rendered":"https:\/\/przepisyruchu.pl\/index.php\/prawo-o-ruchu-drogowym\/dzial-ii-ruch-drogowy\/rozdzial-3-ruch-pojazdow\/oddzial-6-wyprzedzanie\/"},"modified":"2026-04-04T22:45:09","modified_gmt":"2026-04-04T22:45:09","slug":"oddzial-6-wyprzedzanie","status":"publish","type":"page","link":"https:\/\/przepisyruchu.pl\/index.php\/prawo-o-ruchu-drogowym\/dzial-ii-ruch-drogowy\/rozdzial-3-ruch-pojazdow\/oddzial-6-wyprzedzanie\/","title":{"rendered":"Oddzia\u0142 6. Wyprzedzanie"},"content":{"rendered":"<p><!-- prdci-managed-content --><\/p>\n<section class=\"prdci-card prdci-summary\">\n<h2>Kr\u00f3tki komentarz redakcyjny<\/h2>\n<p>Tutaj chodzi o to, \u017ce wyprzedza\u0107 wolno tylko wtedy, gdy masz miejsce, widoczno\u015b\u0107 i nie wchodzisz w konflikt z innym manewrem. Samo to, \u017ce teoretycznie da si\u0119 zmie\u015bci\u0107, nie wystarcza.<\/p>\n<p>Dalej przepisy bardzo dok\u0142adnie m\u00f3wi\u0105, z kt\u00f3rej strony wyprzedza\u0107, jaki odst\u0119p zachowa\u0107 i w jakich miejscach wyprzedzanie jest zakazane albo wyj\u0105tkowo dopuszczalne.<\/p>\n<\/section>\n<section class=\"prdci-card prdci-meta\">\n<h2>Stan prawny i \u017ar\u00f3d\u0142o<\/h2>\n<ul>\n<li><strong>Akt:<\/strong> Ustawa z dnia 20 czerwca 1997 r. \u2013 Prawo o ruchu drogowym<\/li>\n<li><strong>Stan wed\u0142ug tekstu opracowanego na dzie\u0144:<\/strong> 2026-03-03<\/li>\n<li><strong>Zakres tej strony:<\/strong> art. 24<\/li>\n<li><strong>Podstawa tekstu jednolitego:<\/strong> t.j. Dz. U. z 2024 r. poz. 1251, z 2025 r. poz. 820, 1006, 1676, 1734, 1843, 1872, z 2026 r. poz. 180.<\/li>\n<li><strong>\u0179r\u00f3d\u0142o robocze opracowania:<\/strong> Tekst opracowany na podstawie pliku PDF z ISAP \/ Kancelarii Sejmu<\/li>\n<\/ul>\n<\/section>\n<section class=\"prdci-card prdci-official-text\">\n<h2>Oficjalny tekst przepis\u00f3w<\/h2>\n<article class=\"prdci-article\">\n<h3>Art. 24<\/h3>\n<p>1. Kieruj\u0105cy pojazdem jest obowi\u0105zany przed wyprzedzaniem upewni\u0107 si\u0119 w szczeg\u00f3lno\u015bci, czy:<\/p>\n<p>1) ma odpowiedni\u0105 widoczno\u015b\u0107 i dostateczne miejsce do wyprzedzania bez utrudnienia komukolwiek ruchu;<\/p>\n<p>2) kieruj\u0105cy, jad\u0105cy za nim, nie rozpocz\u0105\u0142 wyprzedzania;<\/p>\n<p>3) kieruj\u0105cy, jad\u0105cy przed nim na tym samym pasie ruchu, nie zasygnalizowa\u0142 zamiaru wyprzedzania innego pojazdu, zmiany kierunku jazdy lub zmiany pasa ruchu.<\/p>\n<p>2. Kieruj\u0105cy pojazdem jest obowi\u0105zany przy wyprzedzaniu zachowa\u0107 szczeg\u00f3ln\u0105 ostro\u017cno\u015b\u0107, a zw\u0142aszcza bezpieczny odst\u0119p od wyprzedzanego pojazdu lub uczestnika ruchu. W razie wyprzedzania roweru, w\u00f3zka rowerowego, motoroweru, motocykla,<\/p>\n<p>hulajnogi elektrycznej, urz\u0105dzenia transportu osobistego, osoby poruszaj\u0105cej si\u0119 przy u\u017cyciu urz\u0105dzenia wspomagaj\u0105cego ruch lub kolumny pieszych odst\u0119p ten nie mo\u017ce by\u0107 mniejszy ni\u017c 1 m.<\/p>\n<p>3. Kieruj\u0105cy pojazdem jest obowi\u0105zany przy wyprzedzaniu przeje\u017cd\u017ca\u0107 z lewej strony wyprzedzanego pojazdu, z zastrze\u017ceniem ust. 4, 5, 10 i 12.<\/p>\n<p>4. Pojazd szynowy mo\u017ce by\u0107 wyprzedzany tylko z prawej strony, chyba \u017ce po\u0142o\u017cenie tor\u00f3w uniemo\u017cliwia takie wyprzedzanie lub wyprzedzanie odbywa si\u0119 na jezdni jednokierunkowej.<\/p>\n<p>5. Wyprzedzanie pojazdu lub uczestnika ruchu, kt\u00f3ry sygnalizuje zamiar skr\u0119cenia w lewo, mo\u017ce odbywa\u0107 si\u0119 tylko z jego prawej strony.<\/p>\n<p>6. Kieruj\u0105cemu pojazdem wyprzedzanym zabrania si\u0119 w czasie wyprzedzania i bezpo\u015brednio po nim zwi\u0119kszania pr\u0119dko\u015bci. Kieruj\u0105cy pojazdem wolnobie\u017cnym, ci\u0105gnikiem rolniczym lub pojazdem bez silnika jest obowi\u0105zany zjecha\u0107 jak najbardziej na prawo w celu u\u0142atwienia wyprzedzania. Przepisu nie stosuje si\u0119 w przypadku, o kt\u00f3rym mowa w ust. 12.<\/p>\n<p>7. Zabrania si\u0119 wyprzedzania pojazdu silnikowego jad\u0105cego po jezdni:<\/p>\n<p>1) przy doje\u017cd\u017caniu do wierzcho\u0142ka wzniesienia;<\/p>\n<p>2) na zakr\u0119cie oznaczonym znakami ostrzegawczymi;<\/p>\n<p>3) na skrzy\u017cowaniu, z wyj\u0105tkiem skrzy\u017cowania o ruchu okr\u0119\u017cnym lub na kt\u00f3rym ruch jest kierowany.<\/p>\n<p>8. Dopuszcza si\u0119 wyprzedzanie w miejscach, o kt\u00f3rych mowa w ust. 7 pkt 1 i 2, na jezdni:<\/p>\n<p>1) jednokierunkowej;<\/p>\n<p>2) dwukierunkowej na odcinku z wyznaczonymi pasami ruchu, pod warunkiem \u017ce kieruj\u0105cy nie wje\u017cd\u017ca na cz\u0119\u015b\u0107 jezdni przeznaczon\u0105 do ruchu w kierunku przeciwnym \u2013 w miejscu, gdzie jest to zabronione znakami na jezdni.<\/p>\n<p>9. Dopuszcza si\u0119 wyprzedzanie w miejscu, o kt\u00f3rym mowa w ust. 7 pkt 3, pojazdu sygnalizuj\u0105cego zamiar skr\u0119cenia, pod warunkiem \u017ce kieruj\u0105cy nie wje\u017cd\u017ca na cz\u0119\u015b\u0107 jezdni przeznaczon\u0105 do ruchu w kierunku przeciwnym.<\/p>\n<p>10. Dopuszcza si\u0119 wyprzedzanie z prawej strony na odcinku drogi z wyznaczonymi pasami ruchu, przy zachowaniu warunk\u00f3w okre\u015blonych w ust. 1 i 7:<\/p>\n<p>1) na jezdni jednokierunkowej;<\/p>\n<p>2) na jezdni dwukierunkowej, je\u017celi co najmniej dwa pasy ruchu na obszarze zabudowanym lub trzy pasy ruchu poza obszarem zabudowanym przeznaczone s\u0105 do jazdy w tym samym kierunku.<\/p>\n<p>11. Zabrania si\u0119 wyprzedzania pojazdu uprzywilejowanego na obszarze zabudowanym.<\/p>\n<p>12. Kieruj\u0105cy rowerem mo\u017ce wyprzedza\u0107 inne ni\u017c rower powoli jad\u0105ce pojazdy z ich prawej strony.<\/p>\n<p>13. Kieruj\u0105cemu pojazdem kategorii N2 lub N3, o kt\u00f3rych mowa odpowiednio w art. 4 ust. 1 lit. b rozporz\u0105dzenia 2018\/858 albo w za\u0142\u0105czniku nr 2 do ustawy, zabrania si\u0119 wyprzedzania pojazdu samochodowego na autostradzie i drodze ekspresowej o wy\u0142\u0105cznie dw\u00f3ch pasach ruchu przeznaczonych dla danego kierunku ruchu, chyba \u017ce pojazd ten porusza si\u0119 z pr\u0119dko\u015bci\u0105 znacznie mniejsz\u0105 od dopuszczalnej dla pojazd\u00f3w kategorii N2 lub N3 obowi\u0105zuj\u0105cej na danej drodze.<\/p>\n<p>14. Zakazu, o kt\u00f3rym mowa w ust. 13, nie stosuje si\u0119 do wyprzedzania pojazd\u00f3w wykonuj\u0105cych na drodze prace porz\u0105dkowe, remontowe lub modernizacyjne wysy\u0142aj\u0105cych \u017c\u00f3\u0142te sygna\u0142y b\u0142yskowe. Oddzia\u0142 7 Przecinanie si\u0119 kierunk\u00f3w ruchu<\/p>\n<\/article>\n<\/section>\n\n<section class=\"prdci-card prdci-disclaimer\">\n<h2>Wa\u017cna uwaga<\/h2>\n<p>Kr\u00f3tki komentarz redakcyjny ma charakter informacyjny i edukacyjny. Nie stanowi porady prawnej ani oficjalnej wyk\u0142adni przepis\u00f3w. Autor opracowania nie wykonuje zawodu prawnika. W razie rozbie\u017cno\u015bci decyduje oficjalne brzmienie aktu prawnego oraz jego aktualne zmiany og\u0142oszone w Dzienniku Ustaw.<\/p>\n<\/section>\n","protected":false},"excerpt":{"rendered":"<p>Kr\u00f3tki komentarz redakcyjny Tutaj chodzi o to, \u017ce wyprzedza\u0107 wolno tylko wtedy, gdy masz miejsce, widoczno\u015b\u0107 i nie wchodzisz w [&hellip;]<\/p>\n","protected":false},"author":1,"featured_media":0,"parent":22,"menu_order":12,"comment_status":"closed","ping_status":"closed","template":"","meta":{"site-sidebar-layout":"default","site-content-layout":"","ast-site-content-layout":"default","site-content-style":"default","site-sidebar-style":"default","ast-global-header-display":"","ast-banner-title-visibility":"","ast-main-header-display":"","ast-hfb-above-header-display":"","ast-hfb-below-header-display":"","ast-hfb-mobile-header-display":"","site-post-title":"","ast-breadcrumbs-content":"","ast-featured-img":"","footer-sml-layout":"","ast-disable-related-posts":"","theme-transparent-header-meta":"","adv-header-id-meta":"","stick-header-meta":"","header-above-stick-meta":"","header-main-stick-meta":"","header-below-stick-meta":"","astra-migrate-meta-layouts":"default","ast-page-background-enabled":"default","ast-page-background-meta":{"desktop":{"background-color":"var(--ast-global-color-5)","background-image":"","background-repeat":"repeat","background-position":"center center","background-size":"auto","background-attachment":"scroll","background-type":"","background-media":"","overlay-type":"","overlay-color":"","overlay-opacity":"","overlay-gradient":""},"tablet":{"background-color":"","background-image":"","background-repeat":"repeat","background-position":"center center","background-size":"auto","background-attachment":"scroll","background-type":"","background-media":"","overlay-type":"","overlay-color":"","overlay-opacity":"","overlay-gradient":""},"mobile":{"background-color":"","background-image":"","background-repeat":"repeat","background-position":"center center","background-size":"auto","background-attachment":"scroll","background-type":"","background-media":"","overlay-type":"","overlay-color":"","overlay-opacity":"","overlay-gradient":""}},"ast-content-background-meta":{"desktop":{"background-color":"var(--ast-global-color-4)","background-image":"","background-repeat":"repeat","background-position":"center center","background-size":"auto","background-attachment":"scroll","background-type":"","background-media":"","overlay-type":"","overlay-color":"","overlay-opacity":"","overlay-gradient":""},"tablet":{"background-color":"var(--ast-global-color-4)","background-image":"","background-repeat":"repeat","background-position":"center center","background-size":"auto","background-attachment":"scroll","background-type":"","background-media":"","overlay-type":"","overlay-color":"","overlay-opacity":"","overlay-gradient":""},"mobile":{"background-color":"var(--ast-global-color-4)","background-image":"","background-repeat":"repeat","background-position":"center center","background-size":"auto","background-attachment":"scroll","background-type":"","background-media":"","overlay-type":"","overlay-color":"","overlay-opacity":"","overlay-gradient":""}},"footnotes":""},"class_list":["post-28","page","type-page","status-publish","hentry"],"_links":{"self":[{"href":"https:\/\/przepisyruchu.pl\/index.php\/wp-json\/wp\/v2\/pages\/28","targetHints":{"allow":["GET"]}}],"collection":[{"href":"https:\/\/przepisyruchu.pl\/index.php\/wp-json\/wp\/v2\/pages"}],"about":[{"href":"https:\/\/przepisyruchu.pl\/index.php\/wp-json\/wp\/v2\/types\/page"}],"author":[{"embeddable":true,"href":"https:\/\/przepisyruchu.pl\/index.php\/wp-json\/wp\/v2\/users\/1"}],"replies":[{"embeddable":true,"href":"https:\/\/przepisyruchu.pl\/index.php\/wp-json\/wp\/v2\/comments?post=28"}],"version-history":[{"count":2,"href":"https:\/\/przepisyruchu.pl\/index.php\/wp-json\/wp\/v2\/pages\/28\/revisions"}],"predecessor-version":[{"id":216,"href":"https:\/\/przepisyruchu.pl\/index.php\/wp-json\/wp\/v2\/pages\/28\/revisions\/216"}],"up":[{"embeddable":true,"href":"https:\/\/przepisyruchu.pl\/index.php\/wp-json\/wp\/v2\/pages\/22"}],"wp:attachment":[{"href":"https:\/\/przepisyruchu.pl\/index.php\/wp-json\/wp\/v2\/media?parent=28"}],"curies":[{"name":"wp","href":"https:\/\/api.w.org\/{rel}","templated":true}]}}