{"id":17,"date":"2026-04-04T20:58:25","date_gmt":"2026-04-04T20:58:25","guid":{"rendered":"https:\/\/przepisyruchu.pl\/index.php\/prawo-o-ruchu-drogowym\/"},"modified":"2026-04-04T22:45:09","modified_gmt":"2026-04-04T22:45:09","slug":"prawo-o-ruchu-drogowym","status":"publish","type":"page","link":"https:\/\/przepisyruchu.pl\/","title":{"rendered":"Prawo o ruchu drogowym"},"content":{"rendered":"<p><!-- prdci-managed-content --><\/p>\n<section class=\"prdci-card prdci-summary\">\n<h2>Kr\u00f3tki komentarz redakcyjny<\/h2>\n<p>To jest strona startowa ca\u0142ej ustawy. Zamiast przebija\u0107 si\u0119 przez jeden d\u0142ugi PDF, wchodzisz od razu w konkretny dzia\u0142, rozdzia\u0142 albo oddzia\u0142.<\/p>\n<p>Na stronach ni\u017cej masz oficjalny tekst przepis\u00f3w, dat\u0119 stanu prawnego i kr\u00f3tki komentarz redakcyjny napisany prostszym j\u0119zykiem. W razie rozbie\u017cno\u015bci zawsze decyduje oficjalne brzmienie aktu prawnego.<\/p>\n<\/section>\n<section class=\"prdci-card prdci-meta\">\n<h2>Stan prawny i \u017ar\u00f3d\u0142o<\/h2>\n<ul>\n<li><strong>Akt:<\/strong> Ustawa z dnia 20 czerwca 1997 r. \u2013 Prawo o ruchu drogowym<\/li>\n<li><strong>Stan wed\u0142ug tekstu opracowanego na dzie\u0144:<\/strong> 2026-03-03<\/li>\n<li><strong>Podstawa tekstu jednolitego:<\/strong> t.j. Dz. U. z 2024 r. poz. 1251, z 2025 r. poz. 820, 1006, 1676, 1734, 1843, 1872, z 2026 r. poz. 180.<\/li>\n<li><strong>\u0179r\u00f3d\u0142o robocze opracowania:<\/strong> Tekst opracowany na podstawie pliku PDF z ISAP \/ Kancelarii Sejmu<\/li>\n<\/ul>\n<\/section>\n<section class=\"prdci-card prdci-topics\">\n<h2>Najwa\u017cniejsze tematy<\/h2>\n<p class=\"prdci-topics-intro\">Najcz\u0119\u015bciej szukane zagadnienia zebrane w jednym miejscu. Klikasz temat i od razu trafiasz tam, gdzie jest konkret.<\/p>\n<div class=\"prdci-topic-grid\"><a class=\"prdci-topic-chip tone-blue\" href=\"https:\/\/przepisyruchu.pl\/index.php\/prawo-o-ruchu-drogowym\/dzial-ii-ruch-drogowy\/rozdzial-3-ruch-pojazdow\/oddzial-6-wyprzedzanie\/\"><span class=\"prdci-topic-label\">Wyprzedzanie<\/span><\/a><a class=\"prdci-topic-chip tone-yellow\" href=\"https:\/\/przepisyruchu.pl\/index.php\/prawo-o-ruchu-drogowym\/dzial-ii-ruch-drogowy\/rozdzial-5-porzadek-i-bezpieczenstwo\/oddzial-3-uzywanie-swiatel-zewnetrznych\/\"><span class=\"prdci-topic-label\">\u015awiat\u0142a<\/span><\/a><a class=\"prdci-topic-chip tone-yellow\" href=\"https:\/\/przepisyruchu.pl\/index.php\/prawo-o-ruchu-drogowym\/dzial-ii-ruch-drogowy\/rozdzial-1-zasady-ogolne\/\"><span class=\"prdci-topic-label\">Znaki<\/span><\/a><a class=\"prdci-topic-chip tone-green\" href=\"https:\/\/przepisyruchu.pl\/index.php\/prawo-o-ruchu-drogowym\/dzial-ii-ruch-drogowy\/rozdzial-2-ruch-pieszych\/\"><span class=\"prdci-topic-label\">Pieszy<\/span><\/a><a class=\"prdci-topic-chip tone-green\" href=\"https:\/\/przepisyruchu.pl\/index.php\/prawo-o-ruchu-drogowym\/dzial-ii-ruch-drogowy\/rozdzial-3-ruch-pojazdow\/oddzial-11-rowery-hulajnogi-motorowery-zaprzegi\/\"><span class=\"prdci-topic-label\">Rower<\/span><\/a><a class=\"prdci-topic-chip tone-blue\" href=\"https:\/\/przepisyruchu.pl\/index.php\/prawo-o-ruchu-drogowym\/dzial-ii-ruch-drogowy\/rozdzial-3-ruch-pojazdow\/oddzial-3-predkosc-i-hamowanie\/\"><span class=\"prdci-topic-label\">Pr\u0119dko\u015b\u0107<\/span><\/a><a class=\"prdci-topic-chip tone-yellow\" href=\"https:\/\/przepisyruchu.pl\/index.php\/prawo-o-ruchu-drogowym\/dzial-ii-ruch-drogowy\/rozdzial-5-porzadek-i-bezpieczenstwo\/oddzial-2-zatrzymanie-i-postoj\/\"><span class=\"prdci-topic-label\">Parkowanie<\/span><\/a><a class=\"prdci-topic-chip tone-blue\" href=\"https:\/\/przepisyruchu.pl\/index.php\/prawo-o-ruchu-drogowym\/dzial-ii-ruch-drogowy\/rozdzial-3-ruch-pojazdow\/oddzial-7-przecinanie-kierunkow-ruchu\/\"><span class=\"prdci-topic-label\">Pierwsze\u0144stwo<\/span><\/a><\/div>\n<\/section>\n<section class=\"prdci-card prdci-children\">\n<h2>Podstrony w tej sekcji<\/h2>\n<p><\/section>\n\n<section class=\"prdci-card prdci-disclaimer\">\n<h2>Wa\u017cna uwaga<\/h2>\n<p>Kr\u00f3tki komentarz redakcyjny ma charakter informacyjny i edukacyjny. Nie stanowi porady prawnej ani oficjalnej wyk\u0142adni przepis\u00f3w. Autor opracowania nie wykonuje zawodu prawnika. W razie rozbie\u017cno\u015bci decyduje oficjalne brzmienie aktu prawnego oraz jego aktualne zmiany og\u0142oszone w Dzienniku Ustaw.<\/p>\n<\/section>\n","protected":false},"excerpt":{"rendered":"<p>Kr\u00f3tki komentarz redakcyjny To jest strona startowa ca\u0142ej ustawy. Zamiast przebija\u0107 si\u0119 przez jeden d\u0142ugi PDF, wchodzisz od razu w [&hellip;]<\/p>\n","protected":false},"author":1,"featured_media":0,"parent":0,"menu_order":1,"comment_status":"closed","ping_status":"closed","template":"","meta":{"site-sidebar-layout":"default","site-content-layout":"","ast-site-content-layout":"default","site-content-style":"default","site-sidebar-style":"default","ast-global-header-display":"","ast-banner-title-visibility":"","ast-main-header-display":"","ast-hfb-above-header-display":"","ast-hfb-below-header-display":"","ast-hfb-mobile-header-display":"","site-post-title":"","ast-breadcrumbs-content":"","ast-featured-img":"","footer-sml-layout":"","ast-disable-related-posts":"","theme-transparent-header-meta":"default","adv-header-id-meta":"","stick-header-meta":"","header-above-stick-meta":"","header-main-stick-meta":"","header-below-stick-meta":"","astra-migrate-meta-layouts":"set","ast-page-background-enabled":"default","ast-page-background-meta":{"desktop":{"background-color":"var(--ast-global-color-5)","background-image":"","background-repeat":"repeat","background-position":"center center","background-size":"auto","background-attachment":"scroll","background-type":"","background-media":"","overlay-type":"","overlay-color":"","overlay-opacity":"","overlay-gradient":""},"tablet":{"background-color":"","background-image":"","background-repeat":"repeat","background-position":"center center","background-size":"auto","background-attachment":"scroll","background-type":"","background-media":"","overlay-type":"","overlay-color":"","overlay-opacity":"","overlay-gradient":""},"mobile":{"background-color":"","background-image":"","background-repeat":"repeat","background-position":"center center","background-size":"auto","background-attachment":"scroll","background-type":"","background-media":"","overlay-type":"","overlay-color":"","overlay-opacity":"","overlay-gradient":""}},"ast-content-background-meta":{"desktop":{"background-color":"var(--ast-global-color-4)","background-image":"","background-repeat":"repeat","background-position":"center center","background-size":"auto","background-attachment":"scroll","background-type":"","background-media":"","overlay-type":"","overlay-color":"","overlay-opacity":"","overlay-gradient":""},"tablet":{"background-color":"var(--ast-global-color-4)","background-image":"","background-repeat":"repeat","background-position":"center center","background-size":"auto","background-attachment":"scroll","background-type":"","background-media":"","overlay-type":"","overlay-color":"","overlay-opacity":"","overlay-gradient":""},"mobile":{"background-color":"var(--ast-global-color-4)","background-image":"","background-repeat":"repeat","background-position":"center center","background-size":"auto","background-attachment":"scroll","background-type":"","background-media":"","overlay-type":"","overlay-color":"","overlay-opacity":"","overlay-gradient":""}},"footnotes":""},"class_list":["post-17","page","type-page","status-publish","hentry"],"_links":{"self":[{"href":"https:\/\/przepisyruchu.pl\/index.php\/wp-json\/wp\/v2\/pages\/17","targetHints":{"allow":["GET"]}}],"collection":[{"href":"https:\/\/przepisyruchu.pl\/index.php\/wp-json\/wp\/v2\/pages"}],"about":[{"href":"https:\/\/przepisyruchu.pl\/index.php\/wp-json\/wp\/v2\/types\/page"}],"author":[{"embeddable":true,"href":"https:\/\/przepisyruchu.pl\/index.php\/wp-json\/wp\/v2\/users\/1"}],"replies":[{"embeddable":true,"href":"https:\/\/przepisyruchu.pl\/index.php\/wp-json\/wp\/v2\/comments?post=17"}],"version-history":[{"count":3,"href":"https:\/\/przepisyruchu.pl\/index.php\/wp-json\/wp\/v2\/pages\/17\/revisions"}],"predecessor-version":[{"id":344,"href":"https:\/\/przepisyruchu.pl\/index.php\/wp-json\/wp\/v2\/pages\/17\/revisions\/344"}],"wp:attachment":[{"href":"https:\/\/przepisyruchu.pl\/index.php\/wp-json\/wp\/v2\/media?parent=17"}],"curies":[{"name":"wp","href":"https:\/\/api.w.org\/{rel}","templated":true}]}}